{"id":5355,"date":"2016-09-07T10:51:21","date_gmt":"2016-09-07T08:51:21","guid":{"rendered":"https:\/\/www.espresso0039.de\/worpre\/?page_id=5355&#038;lang=it"},"modified":"2019-12-16T15:22:52","modified_gmt":"2019-12-16T14:22:52","slug":"datenschutz","status":"publish","type":"page","link":"https:\/\/www.espresso0039.de\/it\/datenschutz\/","title":{"rendered":"Datenschutz"},"content":{"rendered":"<div class=\"wpb-content-wrapper\">[vc_row][vc_column][vc_column_text]\n<h1>Datenschutzerkl\u00e4rung<\/h1>\n<p>Wenn Sie unsere Website besuchen, einen Beitrag lesen, kommentieren, uns kontaktieren oder sich registrieren, werden Daten erhoben, anders ist das technisch gar nicht machbar. Durch die Datenerhebung erm\u00f6glichen wir die Nutzung unserer Website und schaffen die Voraussetzungen f\u00fcr Systemsicherheit und Systemstabilit\u00e4t. Daten sind ein wichtiges Gut, das Thema l\u00e4sst sich gar nicht ernst genug nehmen. Uns ist es wichtig, dass Sie wissen, in welchem Umfang und zu welchem Zweck wir Ihre personenbezogenen Daten erheben, verarbeiten und nutzen und dass wir uns dabei an die Vorgaben des Bundesdatenschutzgesetzes (BDSG) und des Telemediengesetzes (TMG) halten. Bitte nehmen Sie sich deshalb die Zeit, die folgende Datenschutzerkl\u00e4rung durchzulesen.<\/p>\n<p><strong>Besuch der Website<\/strong><br \/>\nSobald Ihr Browser den Server, auf dem diese Website gehostet wird, kontaktiert, werden folgende Informationen an den Server weitergegeben:<\/p>\n<ul>\n<li>Typ und Version des Browsers<\/li>\n<li>Betriebssystem<\/li>\n<li>Referrer-URL (die Adresse, von der aus Sie auf diese Seite gekommen sind)<\/li>\n<li>Hostnamen des zugreifenden Rechners (IP-Adresse und anfragender Provider)<\/li>\n<li>Zeitpunkt der Serveranfrage<\/li>\n<\/ul>\n<p>Diese Daten lassen sich nicht ohne zus\u00e4tzlichen technischen Aufwand, an dem wir als Betreiber dieser Website gar kein Interesse haben, bestimmten Personen und damit Ihnen als Seitenbesucher zuordnen: Ein Abgleich der gespeicherten Daten mit anderen Daten findet nicht statt, auf dem Hostserver gespeicherte Daten werden auch nicht mit anderen Daten zusammengef\u00fchrt. Die gespeicherten Daten werden regelm\u00e4\u00dfig nach einer statistischen Auswertung gel\u00f6scht.<\/p>\n<p><strong>Kontaktformular<\/strong><br \/>\nWenn Sie \u00fcber unser Webformular mit uns Kontakt aufnehmen, wird Ihre Anfrage auf dem Hostserver gespeichert. Eine Weitergabe Ihrer Daten an Dritte findet ansonsten nicht statt. Neben dem Text Ihrer Kontaktaufnahme werden der von Ihnen angegebene Name, die E-Mail-Adresse, die IP-Adresse und der Zeitpunkt der Kontaktaufnahme gespeichert.<\/p>\n<p><strong>Cookies<\/strong><br \/>\nDiese Website verwendet Cookies, dies sind kleine Textdateien, die Ihr Browser speichert, um die Benutzung einer Website einfacher, effektiver und sinnvoller zu gestalten. Cookies richten keinen Schaden an, nehmen nur minimalen Speicherplatz auf Ihrem Rechner ein und enthalten keine Viren. Als Nutzer k\u00f6nnen Sie die Installation der Cookies durch eine entsprechende Einstellung der Browser-Software verhindern; wir weisen jedoch darauf hin, dass in diesem Fall gegebenenfalls nicht s\u00e4mtliche Funktionen dieser Website vollumf\u00e4nglich genutzt werden k\u00f6nnen.<\/p>\n<p><strong>Verwendung personenbezogener Daten<\/strong><br \/>\nDie Verwendung Ihrer personenbezogenen Daten erfolgt zum Zwecke der Abwicklung und Abrechnung des mit Ihnen bestehenden Vertragsverh\u00e4ltnisses oder zu anderen Zwecken, die in Zusammenhang mit diesem Webangebot stehen, wie zum Beispiel um Ihnen auf eine Kontaktanfrage zu antworten oder Ihnen den Newsletter zuzusenden.<\/p>\n<p><strong>\u00dcbermittlung personenbezogener Daten an Dritte<\/strong><br \/>\nWir speichern Ihren Namen, Ihre Kontaktdaten und gegebenenfalls die Daten des Unternehmens, f\u00fcr das Sie t\u00e4tig sind, in einem Verzeichnis. Ihre Daten geben wir an Dritte nur im Rahmen der gesetzlichen Vorschriften weiter und soweit es zu Abrechnungszwecken oder um unsere Leistung zu erbringen erforderlich ist. Eine Weitergabe an Dritte, die sich an Sie mit Werbung per Post, E-Mail oder Telefon wenden, findet nicht statt. Eine Weitergabe Ihrer Daten zu anderen Zwecken an Dritte findet ansonsten nicht statt. Etwas anderes gilt nur, soweit hierf\u00fcr eine gesetzliche Verpflichtung besteht oder soweit dies zur Durchsetzung unserer Rechte erforderlich ist, insbesondere zur Durchsetzung von Anspr\u00fcchen aus dem Vertragsverh\u00e4ltnis mit Ihnen. Sie k\u00f6nnen der \u00dcbermittlung Ihrer Daten zum Zwecke der Werbung an unsere Partner jederzeit widersprechen. Bitte nutzen Sie dazu unser <a href=\"https:\/\/www.espresso0039.de\/#contact\" target=\"_self\" rel=\"noopener noreferrer\">Kontaktformular<\/a>.<\/p>\n<p><strong>Sicherheit<\/strong><br \/>\nWir bedienen uns geeigneter technischer und organisatorischer Sicherheitsma\u00dfnahmen, um Ihre Daten vor zuf\u00e4lligen oder vors\u00e4tzlichen Manipulationen, teilweisem oder vollst\u00e4ndigem Verlust, Zerst\u00f6rung oder unbefugtem Zugriff Dritter zu sch\u00fctzen. Unsere Sicherheitsma\u00dfnahmen werden entsprechend der technologischen Entwicklung fortlaufend verbessert. Bei der Bereitstellung dieses Angebots k\u00f6nnen Java-Applets, Active-X-Controls und Java-Script verwendet werden. Wenn Sie aus Sicherheitsgr\u00fcnden diese Hilfsprogramme bzw. aktiven Inhalte nicht nutzen m\u00f6chten, k\u00f6nnen Sie sie in den Browsereinstellungen deaktivieren.<\/p>\n<p><strong>Auskunft, Berichtigung und L\u00f6schung von Daten<\/strong><br \/>\nDiese Website hat \u00fcber die beschriebene, technisch und organisatorisch notwendige Verwendung der Daten hinaus kein Interesse daran, Ihre Daten zu speichern. Ihnen steht als Nutzer unseres Angebots ein Auskunftsrecht \u00fcber solche personenbezogenen Daten zu, die wir \u00fcber Sie gespeichert haben. Sind diese Daten unrichtig, k\u00f6nnen Sie deren Berichtigung, Sperrung und L\u00f6schung verlangen. M\u00f6chten Sie Auskunft \u00fcber bei uns gespeicherte personenbezogene Daten erhalten, unrichtige Daten korrigieren lassen oder diese sperren oder l\u00f6schen lassen oder haben Sie weitergehende Fragen \u00fcber die Verwendung Ihrer personenbezogenen Daten, nehmen Sie bitte Kontakt mit uns auf:<br \/>\nHr. Mandatori \/ Datenschutzbeauftragten<br \/>\nE-Mail:&nbsp; <a href=\"mailto:info@espresso0039.de\">info@espresso0039.de<\/a><br \/>\nTel.: +49 69\/ 952947-08<br \/>\nFax: +49 69\/ 952947-09<\/p>\n<p>F\u00fcr Ihre sonstigen Fragen stehen wir ebenso gerne zur Verf\u00fcgung, so dass Sie bitte einfach Kontakt mit uns aufnehmen. Hierzu k\u00f6nnen Sie auch auf unser <a href=\"https:\/\/www.espresso0039.de\/#contact\">Kontaktformular&nbsp;<\/a>zur\u00fcckgreifen.<\/p>\n<p><strong>Aktualit\u00e4t der Datenschutzerkl\u00e4rung<\/strong><br \/>\nDiese Datenschutzerkl\u00e4rung ist aktuell g\u00fcltig und datiert vom 15.03.2016. Sie kann jederzeit auf unserer Website von Ihnen abgerufen und ausgedruckt werden. Hier k\u00f6nnen Sie diese Datenschutzerkl\u00e4rung als PDF&nbsp;<a href=\"images\/stories\/datenschutzerklaerung15032016.pdf\" target=\"_blank\" rel=\"noopener noreferrer\">abrufen<\/a>.<\/p>\n<p>(Datenschutzerkl\u00e4rung basierend auf Mustervorlage von <a title=\"DigiR\" href=\"https:\/\/www.digitalrecht.net\/\" target=\"_blank\" rel=\"noopener noreferrer\">digitalrecht.net<\/a>)[\/vc_column_text][\/vc_column][\/vc_row]\n<\/div>","protected":false},"excerpt":{"rendered":"<p>[vc_row][vc_column][vc_column_text] Datenschutzerkl\u00e4rung Wenn Sie unsere Website besuchen, einen Beitrag lesen, kommentieren, uns kontaktieren oder sich registrieren, werden Daten erhoben, anders ist das technisch gar nicht machbar. Durch die Datenerhebung erm\u00f6glichen wir die Nutzung unserer Website und schaffen die Voraussetzungen f\u00fcr Systemsicherheit und Systemstabilit\u00e4t. Daten sind ein wichtiges Gut, das Thema l\u00e4sst sich gar nicht ernst [&hellip;]<\/p>\n","protected":false},"author":3,"featured_media":0,"parent":0,"menu_order":3,"comment_status":"closed","ping_status":"closed","template":"","meta":{"footnotes":""},"class_list":["post-5355","page","type-page","status-publish","hentry"],"_links":{"self":[{"href":"https:\/\/www.espresso0039.de\/it\/wp-json\/wp\/v2\/pages\/5355","targetHints":{"allow":["GET"]}}],"collection":[{"href":"https:\/\/www.espresso0039.de\/it\/wp-json\/wp\/v2\/pages"}],"about":[{"href":"https:\/\/www.espresso0039.de\/it\/wp-json\/wp\/v2\/types\/page"}],"author":[{"embeddable":true,"href":"https:\/\/www.espresso0039.de\/it\/wp-json\/wp\/v2\/users\/3"}],"replies":[{"embeddable":true,"href":"https:\/\/www.espresso0039.de\/it\/wp-json\/wp\/v2\/comments?post=5355"}],"version-history":[{"count":4,"href":"https:\/\/www.espresso0039.de\/it\/wp-json\/wp\/v2\/pages\/5355\/revisions"}],"predecessor-version":[{"id":5500,"href":"https:\/\/www.espresso0039.de\/it\/wp-json\/wp\/v2\/pages\/5355\/revisions\/5500"}],"wp:attachment":[{"href":"https:\/\/www.espresso0039.de\/it\/wp-json\/wp\/v2\/media?parent=5355"}],"curies":[{"name":"wp","href":"https:\/\/api.w.org\/{rel}","templated":true}]}}