{"id":5349,"date":"2016-09-07T10:47:31","date_gmt":"2016-09-07T08:47:31","guid":{"rendered":"https:\/\/www.espresso0039.de\/worpre\/?page_id=5349"},"modified":"2019-03-27T02:46:33","modified_gmt":"2019-03-27T01:46:33","slug":"impressum","status":"publish","type":"page","link":"https:\/\/www.espresso0039.de\/it\/impressum\/","title":{"rendered":"Impressum"},"content":{"rendered":"<div class=\"wpb-content-wrapper\">[vc_row][vc_column][vc_column_text]\n<h2>\u00a0Impressum<\/h2>\n<p>Angaben gem\u00e4\u00df \u00a7 5 TMG:<\/p>\n<p>Umsatzsteuer-Identifikationsnummer gem. \u00a7 27a UStG: DE 275926712<\/p>\n<p><b>Info und Ansprechpartner:<\/b><\/p>\n<p><strong>Postanschrift und Inhaltlich Verantwortlicher gem. \u00a7 55 II RStV:<\/strong><\/p>\n<p><b>Hr.\u00a0\u00a0Mandatori<\/b><b><br \/>\nLavendelweg 16<br \/>\n60433 Frankfurt<\/b><\/p>\n<p>E-Mail:\u00a0<a href=\"mailto:info@espresso0039.de\"> info@espresso0039.de<\/a><br \/>\nTel.: +49 69\/ 952947-08<br \/>\nFax: +49 69\/ 952947-09<\/p>\n<p>&nbsp;<\/p>\n<p>Rechtlicher Hinweis: Die Inhalte unserer Internetseite werden mit gr\u00f6\u00dfter Sorgfalt recherchiert. Dennoch kann der Anbieter keine Haftung f\u00fcr die Richtigkeit, Vollst\u00e4ndigkeit und Aktualit\u00e4t der bereit gestellten Informationen \u00fcbernehmen. Die Informationen sind insbesondere auch allgemeiner Art und stellen keine Rechtsberatung im Einzelfall dar. Zur L\u00f6sung von konkreten Rechtsf\u00e4llen konsultieren Sie bitte unbedingt vorher\u00a0einen Rechtsanwalt. Die Benutzung erfolgt ausschlie\u00dflich auf eigenes Risiko.<\/p>\n<p>&nbsp;<\/p>\n<p><b>Haftungshinweis:<\/b><\/p>\n<p>Die ver\u00f6ffentlichten Links wurden mit gr\u00f6\u00dftm\u00f6glicher Sorgfalt recherchiert und zusammengestellt. Der Seitenbetreiber hat keinen Einfluss auf die Gestaltung und die Inhalte der verlinkten Seiten. Er ist nicht f\u00fcr den Inhalt der verkn\u00fcpften Seiten verantwortlich und macht sich den Inhalt nicht zu Eigen. F\u00fcr illegale, fehlerhafte oder unvollst\u00e4ndige Inhalte sowie Sch\u00e4den, die durch Nutzung oder Nichtnutzung der Informationen entstehen, haftet allein der Anbieter der Website, auf die verwiesen wurde.<\/p>\n<p><b>Schutzrechtsverletzung:<\/b><\/p>\n<p>Falls Sie vermuten, dass von dieser Website aus eines Ihrer Schutzrechte verletzt wird, teilen Sie das bitte umgehend per elektronischer Post an info@olii-mandatori.de mit, damit z\u00fcgig Abhilfe geschafft werden kann. Bitte nehmen Sie zur Kenntnis: Die zeitaufw\u00e4ndigere Einschaltung eines Anwaltes zur f\u00fcr den Diensteanbieter kostenpflichtigen Abmahnung entspricht nicht dessen wirklichen oder mutma\u00dflichen Willen.<\/p>\n<p>&nbsp;<\/p>\n<p><b>Datenschutzrechtliche Unterrichtung des Nutzers \u00fcber die Erhebung, Verarbeitung und Nutzung seiner personenbezogenen Daten (nach \u00a7 4 Abs. 1 TDDSG):<\/b><\/p>\n<p>Diese Datenschutzerkl\u00e4rung gilt f\u00fcr das Internet-Angebot der Firma Mandatori. Fremde Internetseiten, zu denen unsere Links f\u00fchren, sind darin nicht enthalten.<\/p>\n<p>In Protokolldateien, \u00fcber Suchmaschinen und Formulare werden bei der Nutzung unserer Web-Seiten Daten erhoben. Die Datenschutzvorschriften verpflichten uns zum ordnungsgem\u00e4\u00dfen und zweckgebundenen Umgang mit diesen Daten, insbesondere auch zu ihrer fristgem\u00e4\u00dfen L\u00f6schung. F\u00fcr andere als die angegebenen Zwecke werden Ihre Daten nicht verwendet. Sie werden auch nicht an Dritte weitergegeben.<\/p>\n<p>In der Regel k\u00f6nnen Sie unsere Webseiten besuchen, ohne dass wir pers\u00f6nliche Daten von Ihnen ben\u00f6tigen. Sie bleiben als einzelner Benutzer anonym.<\/p>\n<p>Pers\u00f6nliche Daten werden nur dann erhoben, wenn Sie uns diese von sich aus angeben, z. B. durch eine E-Mail oder durch ein Formular auf unserer Webseite. Ihre angegebenen personenbezogenen Daten unterliegen den jeweils geltenden Bestimmungen des Bundesdatenschutzgesetzes (BDSG).<br \/>\n<b>Protokollierung<\/b><\/p>\n<p>Vom Webserver werden bei jedem Zugriff eines Nutzers auf eine Seite relevante Zugriffsdaten gespeichert. In der Regel beinhaltet das Logfile Angaben \u00fcber:<\/p>\n<ul>\n<li>IP-Adresse des anfordernden Rechners<\/li>\n<li>Datum und Uhrzeit der Anforderung<\/li>\n<li>die vom anfordernden Rechner gew\u00fcnschte Zugriffsmethode \/ Funktion<\/li>\n<li>die vom anfordernden Rechner \u00fcbermittelten Eingabewerte<\/li>\n<li>Zugriffsstatus des Web-Servers (Datei \u00fcbertragen, Datei nicht gefunden, Kommando nicht ausgef\u00fchrt, etc.)<\/li>\n<li>Name der angeforderten Datei, angefragte URL, Browsertyp und Browserversion.<\/li>\n<\/ul>\n<p>Die gespeicherten Daten werden ausschlie\u00dflich zu Zwecken der Identifikation und Nachverfolgung unzul\u00e4ssiger Zugriffsversuche und Zugriffe auf dem Web-Server verwendet. Die Daten werden f\u00fcr die Dauer von drei Monaten gespeichert und dann gel\u00f6scht.<br \/>\n<b>E-Mail-Sicherheit<\/b><\/p>\n<p>Wir weisen darauf hin, dass Informationen vertraulicher Art \u00fcber Web-Seiten und \/ oder \u00fcber die darin enthaltenen E-Mail Adressen nicht verschl\u00fcsselt werden. Sie sind f\u00fcr die \u00dcbersendung und den Erhalt der Informationen als Absender selbst verantwortlich.<br \/>\n<b>Auskunftsrecht<\/b><\/p>\n<p>Sie haben das Recht, unentgeltlich Auskunft \u00fcber die zu Ihrer Person gespeicherten Daten zu erfragen. Auf Anforderung teilen wir Ihnen schriftlich entsprechend dem geltenden Recht mit, ob und welche pers\u00f6nliche Daten \u00fcber Sie bei uns gespeichert sind.<br \/>\n<b>Datensicherheit<\/b><\/p>\n<p>Wir setzen technische und organisatorische Sicherheitsma\u00dfnahmen ein, um Ihre Daten durch zuf\u00e4llige oder vors\u00e4tzliche Manipulation, Verlust, Zerst\u00f6rung oder vor dem Zugriff unberechtigter Personen zu sch\u00fctzen. Unsere Sicherheitsma\u00dfnahmen werden entsprechend der technologischen Entwicklung fortlaufend \u00fcberpr\u00fcft und verbessert.<\/p>\n<p>Wenn Sie Fragen hinsichtlich Ihrer pers\u00f6nlichen Daten haben, k\u00f6nnen Sie sich direkt an uns wenden:[\/vc_column_text][\/vc_column][\/vc_row]\n<\/div>","protected":false},"excerpt":{"rendered":"<p>[vc_row][vc_column][vc_column_text] \u00a0Impressum Angaben gem\u00e4\u00df \u00a7 5 TMG: Umsatzsteuer-Identifikationsnummer gem. \u00a7 27a UStG: DE 275926712 Info und Ansprechpartner: Postanschrift und Inhaltlich Verantwortlicher gem. \u00a7 55 II RStV: Hr.\u00a0\u00a0Mandatori Lavendelweg 16 60433 Frankfurt E-Mail:\u00a0 info@espresso0039.de Tel.: +49 69\/ 952947-08 Fax: +49 69\/ 952947-09 &nbsp; Rechtlicher Hinweis: Die Inhalte unserer Internetseite werden mit gr\u00f6\u00dfter Sorgfalt recherchiert. Dennoch kann [&hellip;]<\/p>\n","protected":false},"author":3,"featured_media":0,"parent":0,"menu_order":2,"comment_status":"closed","ping_status":"closed","template":"","meta":{"footnotes":""},"class_list":["post-5349","page","type-page","status-publish","hentry"],"_links":{"self":[{"href":"https:\/\/www.espresso0039.de\/it\/wp-json\/wp\/v2\/pages\/5349","targetHints":{"allow":["GET"]}}],"collection":[{"href":"https:\/\/www.espresso0039.de\/it\/wp-json\/wp\/v2\/pages"}],"about":[{"href":"https:\/\/www.espresso0039.de\/it\/wp-json\/wp\/v2\/types\/page"}],"author":[{"embeddable":true,"href":"https:\/\/www.espresso0039.de\/it\/wp-json\/wp\/v2\/users\/3"}],"replies":[{"embeddable":true,"href":"https:\/\/www.espresso0039.de\/it\/wp-json\/wp\/v2\/comments?post=5349"}],"version-history":[{"count":2,"href":"https:\/\/www.espresso0039.de\/it\/wp-json\/wp\/v2\/pages\/5349\/revisions"}],"predecessor-version":[{"id":5368,"href":"https:\/\/www.espresso0039.de\/it\/wp-json\/wp\/v2\/pages\/5349\/revisions\/5368"}],"wp:attachment":[{"href":"https:\/\/www.espresso0039.de\/it\/wp-json\/wp\/v2\/media?parent=5349"}],"curies":[{"name":"wp","href":"https:\/\/api.w.org\/{rel}","templated":true}]}}